{"id":4044,"date":"2016-06-18T12:49:20","date_gmt":"2016-06-18T10:49:20","guid":{"rendered":"http:\/\/www.haritzalde.org\/es\/?page_id=4044"},"modified":"2017-02-27T08:40:29","modified_gmt":"2017-02-27T07:40:29","slug":"hidrologikak-2016","status":"publish","type":"page","link":"https:\/\/www.haritzalde.org\/es\/hidrologikak-2016\/","title":{"rendered":"HidroLogikak 2016"},"content":{"rendered":"<h2>Conociendo el Urumea de cerca<\/h2>\n<p><b>Visitas guiadas para acercarnos a los secretos de nuestro r\u00edo<\/b><\/p>\n<p>Las visitas guiadas las realizaremos la\u00a0<b>Asociaci\u00f3n Nauralista Haritzalde<\/b>\u00a0en colaboraci\u00f3n con\u00a0<b><a href=\"http:\/\/arrauning.com\/\">ARRAUNING.COM<\/a>\u00a0<\/b>y la\u00a0<a href=\"http:\/\/www.cristinaenea.org\" target=\"_blank\">Fundacion Cristina Enea<\/a>.\u00a0Tendremos la oportunidad de conocer el Urumea tanto desde dentro, como desde su orilla. Desde el agua, remando en una trainera, y desde tierra, caminando por la margen izquierda del r\u00edo. Las visitas son para todo el mundo, incluidos los discapacitados, personas con problemas de movilidad, ciegos y sordos, que tambi\u00e9n podr\u00e1n disfrutar del r\u00edo, s\u00f3lo tienen que indicarlo al inscribirse.<\/p>\n<p><b>Contenidos:<\/b>\u00a0el estuario, el r\u00edo, la marisma, los ecosistemas, la vegetaci\u00f3n de ribera, el bosque aut\u00f3ctona, las plantas invasoras, los habitantes del r\u00edo (peces, aves, mam\u00edferos\u2026), la fauna invasora, los procesos (mareas, inundaciones\u2026) e incontables an\u00e9cdotas y curiosidades.<\/p>\n<p>No s\u00f3lo Naturaleza, tambi\u00e9n algo de historia, cultura, etnograf\u00eda\u2026 Y los barrios, los puentes, caser\u00edos\u2026<\/p>\n<p><a href=\"http:\/\/www.haritzalde.org\/wp-content\/uploads\/2016\/04\/Urumea-triptiko-ES-EU-FR-AZKENA.pdf\" target=\"_blank\">M\u00e1s informaci\u00f3n en el tr\u00edptico (PDF)<\/a>.<\/p>\n<table style=\"height: 259px;\" width=\"623\" cellspacing=\"0\" cellpadding=\"0\">\n<tbody>\n<tr>\n<td valign=\"top\"><b style=\"color: #000000; font-family: sans-serif; line-height: normal;\">Cu\u00e1ndo-qu\u00e9:<\/b><\/p>\n<p>T: Trainera<br \/>\nO: caminata<\/p>\n<p>Eus: euskaraz<br \/>\nCas: castellano<br \/>\nEle: biling\u00fce<br \/>\nFr: franc\u00e9s<\/td>\n<td valign=\"top\">\n9 de abril, 17:00. T. Ele<br \/>\n10 de abril, 11:00. O. Eus<br \/>\n23 de abril, 17:00. T. Ele<br \/>\n24 de abril, 11:00. O. Cas<br \/>\n7 de mayo, 17:00. T. Ele<br \/>\n8 de mayo, 11:00. O. Eus<br \/>\n15\u00a0de mayo, 11:00. O. Cas<br \/>\n21 de mayo, 17:00. T. Cas<\/td>\n<\/tr>\n<\/tbody>\n<\/table>\n<ul>\n<li><b>Duraci\u00f3n:\u00a0<\/b>Trainera aprox.<b>\u00a0<\/b>1h 30 min. \/ Paseo a pie: 2h.<\/li>\n<li><b>Recorrido:<\/b>\u00a0Riberas de Loiola-Puente entrada Pol\u00edgono 27 de Martutene.<\/li>\n<li><b>Precio:\u00a0<\/b>Trainera: 5 \u20ac. (Costo real 25 \u20ac). Paseo a pie gratuito.<\/li>\n<\/ul>\n<ul>\n<li><b>Plazas: LIMITADAS.\u00a0<\/b>Trainera: 9 personas (m\u00ednimo 8 personas) \/ Paseo: 25 personas (m\u00ednimo 5 personas).<\/li>\n<li><b>Edad m\u00ednima:\u00a0<\/b>Trainera: 12 a\u00f1os \/ Paseo: Todas las edades, incluso sillas de ni\u00f1os o sillas de ruedas.<\/li>\n<\/ul>\n<ul>\n<li><b>Informaci\u00f3n:<\/b>\u00a0Actividades abiertas personas con problemas de movilidad, a sordos y a ciegos, que tambi\u00e9n podr\u00e1n disfrutar de las actividades como el resto, avisando de antemano de su situaci\u00f3n.\u00a0Llevar ropa c\u00f3moda, preferentemente de deporte. Hay vestuarios y duchas.<\/li>\n<\/ul>\n<table style=\"height: 102px;\" width=\"813\" cellspacing=\"0\" cellpadding=\"0\">\n<tbody>\n<tr>\n<td valign=\"top\">\n<ul>\n<li><b><span style=\"color: #000000;\">Inscripci\u00f3n<\/span>:\u00a0Cristina Enea<\/b><\/li>\n<\/ul>\n<\/td>\n<td valign=\"top\">\n<ul>\n<li>Periodo de excursiones finalizado<\/li>\n<\/ul>\n<p>&nbsp;<\/td>\n<\/tr>\n<\/tbody>\n<\/table>\n<ul>\n<li><b>Notas:<\/b><\/li>\n<\/ul>\n<ol>\n<li>Es posible realizar visitas guiadas fuera de las fechas recogidas, pero s\u00f3lo para grupos (trainera \/kayak m\u00ednimo 8 personas y 10 para los paseos a pie). Se podr\u00e1 determinar el idioma.<\/li>\n<li>El precio de las visitas extraordinarias: trainera\/kayak: 15\u20ac\/persona; paseo: 5 \u20ac\/persona.<\/li>\n<\/ol>\n","protected":false},"excerpt":{"rendered":"<p>Conociendo el Urumea de cerca Visitas guiadas para acercarnos a los secretos de nuestro r\u00edo Las visitas guiadas las realizaremos la\u00a0Asociaci\u00f3n Nauralista Haritzalde\u00a0en colaboraci\u00f3n con\u00a0ARRAUNING.COM\u00a0y la\u00a0Fundacion Cristina Enea.\u00a0Tendremos la oportunidad de conocer el Urumea tanto desde dentro, como desde su orilla. Desde el agua, remando en una trainera, y desde tierra, caminando por la margen [&hellip;]<\/p>\n","protected":false},"author":11,"featured_media":2761,"parent":0,"menu_order":0,"comment_status":"closed","ping_status":"closed","template":"","meta":[],"_links":{"self":[{"href":"https:\/\/www.haritzalde.org\/es\/wp-json\/wp\/v2\/pages\/4044\/"}],"collection":[{"href":"https:\/\/www.haritzalde.org\/es\/wp-json\/wp\/v2\/pages\/"}],"about":[{"href":"https:\/\/www.haritzalde.org\/es\/wp-json\/wp\/v2\/types\/page\/"}],"author":[{"embeddable":true,"href":"https:\/\/www.haritzalde.org\/es\/wp-json\/wp\/v2\/users\/11\/"}],"replies":[{"embeddable":true,"href":"https:\/\/www.haritzalde.org\/es\/wp-json\/wp\/v2\/comments\/?post=4044"}],"version-history":[{"count":1,"href":"https:\/\/www.haritzalde.org\/es\/wp-json\/wp\/v2\/pages\/4044\/revisions\/"}],"predecessor-version":[{"id":4045,"href":"https:\/\/www.haritzalde.org\/es\/wp-json\/wp\/v2\/pages\/4044\/revisions\/4045\/"}],"wp:featuredmedia":[{"embeddable":true,"href":"https:\/\/www.haritzalde.org\/es\/wp-json\/wp\/v2\/media\/2761\/"}],"wp:attachment":[{"href":"https:\/\/www.haritzalde.org\/es\/wp-json\/wp\/v2\/media\/?parent=4044"}],"curies":[{"name":"wp","href":"https:\/\/api.w.org\/{rel}","templated":true}]}}